{"id":2456,"date":"2024-03-01T11:40:21","date_gmt":"2024-03-01T08:40:21","guid":{"rendered":"http:\/\/htckimya.com\/?post_type=product&#038;p=2456"},"modified":"2024-03-01T12:04:25","modified_gmt":"2024-03-01T09:04:25","slug":"dogal-kina-ozlu-sabunu","status":"publish","type":"product","link":"https:\/\/htckimya.com\/index.php\/product\/dogal-kina-ozlu-sabunu\/","title":{"rendered":"Do\u011fal K\u0131na \u00d6zl\u00fc Sabunu"},"content":{"rendered":"<table style=\"font-weight: 400;\">\n<tbody>\n<tr>\n<td width=\"302\"><strong>\u0130\u00c7ER\u0130K B\u0130LG\u0130S\u0130<br \/>\n<\/strong>Hindistan Cevizi Ya\u011f\u0131, Ananas Ya\u011f\u0131, Palm Ya\u011f\u0131, Zeytinya\u011f\u0131, K\u0131na Ya\u011f\u0131, K\u0131na \u00d6z\u00fct\u00fc, \u00c7ay A\u011fac\u0131 Ya\u011f\u0131, NaOH ve Su.<\/td>\n<\/tr>\n<tr>\n<td width=\"302\"><\/td>\n<\/tr>\n<tr>\n<td width=\"302\"><strong>KULLANIM \u00d6NER\u0130S\u0130<br \/>\n<\/strong>El, y\u00fcz, v\u00fccut temizli\u011finde haricen kullan\u0131l\u0131r. Su ile \u0131slat\u0131l\u0131p, elde k\u00f6p\u00fcrt\u00fclerek kullan\u0131l\u0131r. Kulland\u0131ktan sonra kuru bir yerde muhafaza ediniz.<\/td>\n<\/tr>\n<tr>\n<td width=\"302\"><\/td>\n<\/tr>\n<tr>\n<td width=\"302\"><strong>C\u0130LDE UYGULAMA FAYDALARI<br \/>\n<\/strong>\u0130\u00e7erisinde bulunan \u00e7ay a\u011fac\u0131 ya\u011f\u0131 sayesinde aktif sivilcelerin s\u00f6nmesine ve sivilce lekelerini giderilmesine yard\u0131mc\u0131 olur. G\u00f6zenek s\u0131k\u0131la\u015ft\u0131r\u0131r. Cilde canl\u0131l\u0131k verir. K\u0131na sabunu cildi kuvvetlendirir. Deri \u00e7atlaklar\u0131n\u0131 tedavi eder. K\u0131na sabunu cilt ka\u015f\u0131nt\u0131lar\u0131n\u0131 giderir. Ayak, El, Sa\u00e7 ve V\u00fccut Mantar\u0131 tedavisinde etkilidir.<\/td>\n<\/tr>\n<tr>\n<td width=\"302\"><\/td>\n<\/tr>\n<tr>\n<td width=\"302\"><strong>UYARI<br \/>\n<\/strong>Harici kullan\u0131m i\u00e7indir. \u00dcr\u00fcn\u00fc kullanmadan \u00f6nce bilek i\u00e7inizde alerji testi yap\u0131n\u0131z. G\u00f6z ile temas\u0131ndan ka\u00e7\u0131n\u0131n. Temas halinde bol su ile y\u0131kay\u0131n. G\u00fcne\u015f \u0131\u015f\u0131\u011f\u0131ndan uzak tutunuz. Oda s\u0131cakl\u0131\u011f\u0131nda ve \u00e7ocuklar\u0131n ula\u015famayaca\u011f\u0131 yerde muhafaza ediniz.<\/td>\n<\/tr>\n<tr>\n<td width=\"302\"><\/td>\n<\/tr>\n<tr>\n<td width=\"302\"><strong>HTC PETROK\u0130MYA ENERJ\u0130 SAN. VE T\u0130C. LTD. \u015eT\u0130.<br \/>\n<\/strong>T\u00fcrkiye\u2019de \u00dcretilmi\u015ftir<br \/>\nUlusal Patent Numaras\u0131 2022\/202817<br \/>\nUluslararas\u0131 Patent Numaras\u0131<\/td>\n<\/tr>\n<tr>\n<td width=\"302\"><\/td>\n<\/tr>\n<tr>\n<td width=\"302\"><\/td>\n<\/tr>\n<tr>\n<td width=\"302\"><\/td>\n<\/tr>\n<\/tbody>\n<\/table>\n","protected":false},"excerpt":{"rendered":"<div>135 GR<br \/>\nPARABEN VE RENKLEND\u0130R\u0130C\u0130 \u0130\u00c7ERMEZ<\/div>\n<div>%100 DO\u011eAL SO\u011eUK SIKIM YA\u011eLAR BULUNUR<\/div>\n","protected":false},"featured_media":2457,"comment_status":"open","ping_status":"closed","template":"","meta":[],"product_cat":[60],"product_tag":[61,65,64,62],"class_list":{"0":"post-2456","1":"product","2":"type-product","3":"status-publish","4":"has-post-thumbnail","6":"product_cat-cilt-urunleri","7":"product_tag-dogal","8":"product_tag-dogal-sabun","9":"product_tag-kina-ozlu","10":"product_tag-sabun","12":"first","13":"instock","14":"taxable","15":"shipping-taxable","16":"purchasable","17":"product-type-simple"},"_links":{"self":[{"href":"https:\/\/htckimya.com\/index.php\/wp-json\/wp\/v2\/product\/2456","targetHints":{"allow":["GET"]}}],"collection":[{"href":"https:\/\/htckimya.com\/index.php\/wp-json\/wp\/v2\/product"}],"about":[{"href":"https:\/\/htckimya.com\/index.php\/wp-json\/wp\/v2\/types\/product"}],"replies":[{"embeddable":true,"href":"https:\/\/htckimya.com\/index.php\/wp-json\/wp\/v2\/comments?post=2456"}],"wp:featuredmedia":[{"embeddable":true,"href":"https:\/\/htckimya.com\/index.php\/wp-json\/wp\/v2\/media\/2457"}],"wp:attachment":[{"href":"https:\/\/htckimya.com\/index.php\/wp-json\/wp\/v2\/media?parent=2456"}],"wp:term":[{"taxonomy":"product_cat","embeddable":true,"href":"https:\/\/htckimya.com\/index.php\/wp-json\/wp\/v2\/product_cat?post=2456"},{"taxonomy":"product_tag","embeddable":true,"href":"https:\/\/htckimya.com\/index.php\/wp-json\/wp\/v2\/product_tag?post=2456"}],"curies":[{"name":"wp","href":"https:\/\/api.w.org\/{rel}","templated":true}]}}